{"id":4002,"date":"2017-03-22T13:54:21","date_gmt":"2017-03-22T16:54:21","guid":{"rendered":"https:\/\/ploff.net\/?page_id=4002"},"modified":"2020-09-01T10:10:47","modified_gmt":"2020-09-01T13:10:47","slug":"nosotros","status":"publish","type":"page","link":"https:\/\/ploff.net\/en\/nosotros\/","title":{"rendered":"About Us"},"content":{"rendered":"<pre><ul class=\"team\">\r\n  <li class=\"one-third column\">\r\n  <img decoding=\"async\" src=\"https:\/\/ploff.net\/wp-content\/uploads\/2020\/08\/lihuel-1.jpg\" alt=\"\" \/>\r\n  <h3>\r\n  (Espa\u00f1ol) Lihuel Peinetti\r\n  <\/h3>\r\n  <p>\r\n  <span class=\"color\">\r\n  Asesor Log\u00edstico<\/span>  <br class=\"appear\"><p class=\"qtranxs-available-languages-message qtranxs-available-languages-message-en\">Sorry, this entry is only available in <a href=\"https:\/\/ploff.net\/es\/wp-json\/wp\/v2\/pages\/4002\" class=\"qtranxs-available-language-link qtranxs-available-language-link-es\" title=\"Espa\u00f1ol\">Espa\u00f1ol<\/a>. For the sake of viewer convenience, the content is shown below in the alternative language. You may click the link to switch the active language.<\/p>Amante de la naturaleza, apasionado por la tecnolog\u00eda e ingeniero en recursos naturales y medio ambiente por la UNLPam, Argentina. Un hacedor de posibilidades, un asesor de la pronta activaci\u00f3n de las potencialidades de los emprendimientos personales de aquellas personas que ya se est\u00e9n planteando llevar a cabo acciones en pos del cambio de paradigma. Acompa\u00f1ado de mi \u2018motor home\u2019 y mis ansias de viajar, registro, compilo y edito sucesos, emprendimientos y expresiones art\u00edsticas, desde la poes\u00eda a la jardiner\u00eda y la construcci\u00f3n en barro.\r\n  <\/p>\r\n  <\/li>\r\n  \r\n  <li class=\"one-third column\">\r\n  <img decoding=\"async\" src=\"https:\/\/ploff.net\/wp-content\/uploads\/2013\/04\/edshot.jpg\" alt=\"\" \/>\r\n  <h3>\r\n  Eduardo Wydler<a href=\"https:\/\/www.linkedin.com\/in\/ewydler\/\" target=\"_blank\" class=\"linkedin\">linkedin<\/a><a href=\"http:\/\/twitter.com\/ewydler\" target=\"_blank\" class=\"twitter\">twitter<\/a>\r\n  <\/h3>\r\n  <p>\r\n  <span class=\"color\">\r\n  Webmaster<\/span>  <br class=\"appear\">Passionate about design, user experience and solving problems for people, I have focused on creative content creation, research and usability for more than 8 years. I love working with people and implementing creative solutions in a cross functional manner that fit\u2019s today\u2019s reality.\r\n  <\/p>\r\n  <\/li>\r\n  \r\n  <li class=\"one-third column\">\r\n  <img decoding=\"async\" src=\"https:\/\/ploff.net\/wp-content\/uploads\/2020\/08\/lucas-1.jpg\" alt=\"\" \/>\r\n  <h3>\r\n  (Espa\u00f1ol) Lucas Ventimiglia\r\n  <\/h3>\r\n  <p>\r\n  <span class=\"color\">\r\n  Asesor de huertas agroecol\u00f3gicas<\/span>  <br class=\"appear\"><p class=\"qtranxs-available-languages-message qtranxs-available-languages-message-en\">Sorry, this entry is only available in <a href=\"https:\/\/ploff.net\/es\/wp-json\/wp\/v2\/pages\/4002\" class=\"qtranxs-available-language-link qtranxs-available-language-link-es\" title=\"Espa\u00f1ol\">Espa\u00f1ol<\/a>. For the sake of viewer convenience, the content is shown below in the alternative language. You may click the link to switch the active language.<\/p>Estudiante avanzado de la tecnicatura en producci\u00f3n vegetal intensiva, horticultor agroecol\u00f3gico, emplazador de huertas comestibles, germinador de semillas, desarrollador de plantines y amante de la jardiner\u00eda. Mi lugar en el mundo es un lugar que busca estar en continuo cambio, pero agradable. Estoy en conexi\u00f3n con el jard\u00edn y el huerto en sus diversas formas, viendo e interpretando el lugar. Resta comprender que estamos al servicio del emprendedor, buscando alternativas e innovando el futuro. Concientizar con la acci\u00f3n, para crear. Surco mi ciudad en bicicleta, asesorando a diversos actores sociales de los diferentes escalafones de la sociedad acerca de estos temas. IG: <a href=\"https:\/\/www.instagram.com\/dynamic.garden\/\" target=\"_blank\" rel=\"noopener noreferrer\">@dynamic.garden<\/a>\r\n  <\/p>\r\n  <\/li>\r\n  \r\n  <li class=\"one-third column\">\r\n  <img decoding=\"async\" src=\"https:\/\/ploff.net\/wp-content\/uploads\/2013\/04\/buena-mi-loco.jpg\" alt=\"\" \/>\r\n  <h3>\r\n  Brian Longstaff<a href=\"http:\/\/twitter.com\/ploffnet\" target=\"_blank\" class=\"twitter\">twitter<\/a>\r\n  <\/h3>\r\n  <p>\r\n  <span class=\"color\">\r\n  Escritor<\/span>  <br class=\"appear\">An independent writer, reader and Natural Resources and Environmental Engineering student in the UNLPam, Argentina. Faithful correspondent of the shift in worldview carried forward by the new generation, towards a society worth living on this earth. An isolated voice\u2019s communicator.\r\n  <\/p>\r\n  <\/li>\r\n  \r\n  <li class=\"one-third column\">\r\n  <img decoding=\"async\" src=\"https:\/\/ploff.net\/wp-content\/uploads\/2013\/04\/agustin-1.jpg\" alt=\"\" \/>\r\n  <h3>\r\n  Agust\u00edn Estala\r\n  <\/h3>\r\n  <p>\r\n  <span class=\"color\">\r\n  Colaborador<\/span>  <br class=\"appear\">International Studies Graduate from Universidad Torcuato Di Tella. Faithful friend of his bike, which along with his drums make his life complete. Socially and politically committed with Planet Earth. Sober and poetic.\r\n  <\/p>\r\n  <\/li>\r\n  \r\n  <li class=\"one-third column\">\r\n  <img decoding=\"async\" src=\"https:\/\/ploff.net\/wp-content\/uploads\/2020\/09\/EZE-BENBENUTO-scaled.jpg\" alt=\"\" \/>\r\n  <h3>\r\n  (Espa\u00f1ol) Ezequiel C. Benvenuto Manarin\r\n  <\/h3>\r\n  <p>\r\n  <span class=\"color\">\r\n  Asesor de Bosques y Reforestaci\u00f3n<\/span>  <br class=\"appear\"><p class=\"qtranxs-available-languages-message qtranxs-available-languages-message-en\">Sorry, this entry is only available in <a href=\"https:\/\/ploff.net\/es\/wp-json\/wp\/v2\/pages\/4002\" class=\"qtranxs-available-language-link qtranxs-available-language-link-es\" title=\"Espa\u00f1ol\">Espa\u00f1ol<\/a>. For the sake of viewer convenience, the content is shown below in the alternative language. You may click the link to switch the active language.<\/p>Protector de \u00e1rboles, viverista e ingeniero en recursos naturales y medio ambiente por la UNLPam, Argentina. Acometedor, decidido, din\u00e1mico y resuelto en mi fuerte compromiso social, desde una escala barrial hasta una visi\u00f3n m\u00e1s integrada-hol\u00edstica del ordenamiento territorial de una regi\u00f3n. Acompa\u00f1ado de mis dos ruedas, soy un vehemente viajero de las rutas argentinas, buscando ampliar mis horizontes culturales y mis conocimientos acerca de la biodiversidad del Cono Sur.\r\n  <\/p>\r\n  <\/li>\r\n  <\/ul><!-- End team --><\/pre>\n","protected":false},"excerpt":{"rendered":"","protected":false},"author":3,"featured_media":0,"parent":0,"menu_order":0,"comment_status":"closed","ping_status":"closed","template":"","meta":{"_monsterinsights_skip_tracking":false,"_monsterinsights_sitenote_active":false,"_monsterinsights_sitenote_note":"","_monsterinsights_sitenote_category":0,"footnotes":""},"class_list":["post-4002","page","type-page","status-publish","hentry"],"yoast_head":"<!-- This site is optimized with the Yoast SEO plugin v24.3 - https:\/\/yoast.com\/wordpress\/plugins\/seo\/ -->\n<title>About Us - Ploff.net<\/title>\n<meta name=\"robots\" content=\"index, follow, max-snippet:-1, max-image-preview:large, max-video-preview:-1\" \/>\n<link rel=\"canonical\" href=\"https:\/\/ploff.net\/nosotros\/\" \/>\n<meta property=\"og:locale\" content=\"en_US\" \/>\n<meta property=\"og:type\" content=\"article\" \/>\n<meta property=\"og:title\" content=\"About Us - Ploff.net\" \/>\n<meta property=\"og:url\" content=\"https:\/\/ploff.net\/nosotros\/\" \/>\n<meta property=\"og:site_name\" content=\"Ploff.net\" \/>\n<meta property=\"article:publisher\" content=\"https:\/\/www.facebook.com\/ploffnet\/\" \/>\n<meta property=\"article:modified_time\" content=\"2020-09-01T13:10:47+00:00\" \/>\n<meta name=\"twitter:card\" content=\"summary_large_image\" \/>\n<script type=\"application\/ld+json\" class=\"yoast-schema-graph\">{\"@context\":\"https:\/\/schema.org\",\"@graph\":[{\"@type\":\"WebPage\",\"@id\":\"https:\/\/ploff.net\/nosotros\/\",\"url\":\"https:\/\/ploff.net\/nosotros\/\",\"name\":\"About Us - Ploff.net\",\"isPartOf\":{\"@id\":\"https:\/\/ploff.net\/#website\"},\"datePublished\":\"2017-03-22T16:54:21+00:00\",\"dateModified\":\"2020-09-01T13:10:47+00:00\",\"breadcrumb\":{\"@id\":\"https:\/\/ploff.net\/nosotros\/#breadcrumb\"},\"inLanguage\":\"en-US\",\"potentialAction\":[{\"@type\":\"ReadAction\",\"target\":[\"https:\/\/ploff.net\/nosotros\/\"]}]},{\"@type\":\"BreadcrumbList\",\"@id\":\"https:\/\/ploff.net\/nosotros\/#breadcrumb\",\"itemListElement\":[{\"@type\":\"ListItem\",\"position\":1,\"name\":\"Portada\",\"item\":\"https:\/\/ploff.net\/\"},{\"@type\":\"ListItem\",\"position\":2,\"name\":\"Nosotros\"}]},{\"@type\":\"WebSite\",\"@id\":\"https:\/\/ploff.net\/#website\",\"url\":\"https:\/\/ploff.net\/\",\"name\":\"Ploff.net - Amor, Paz, Unidad y Amistad\",\"description\":\"Love, Peace, Unity, Friendship.\",\"publisher\":{\"@id\":\"https:\/\/ploff.net\/#organization\"},\"potentialAction\":[{\"@type\":\"SearchAction\",\"target\":{\"@type\":\"EntryPoint\",\"urlTemplate\":\"https:\/\/ploff.net\/?s={search_term_string}\"},\"query-input\":{\"@type\":\"PropertyValueSpecification\",\"valueRequired\":true,\"valueName\":\"search_term_string\"}}],\"inLanguage\":\"en-US\"},{\"@type\":\"Organization\",\"@id\":\"https:\/\/ploff.net\/#organization\",\"name\":\"Ploff\",\"url\":\"https:\/\/ploff.net\/\",\"logo\":{\"@type\":\"ImageObject\",\"inLanguage\":\"en-US\",\"@id\":\"https:\/\/ploff.net\/#\/schema\/logo\/image\/\",\"url\":\"https:\/\/ploff.net\/wp-content\/uploads\/2020\/04\/ploff-logo.jpg\",\"contentUrl\":\"https:\/\/ploff.net\/wp-content\/uploads\/2020\/04\/ploff-logo.jpg\",\"width\":180,\"height\":180,\"caption\":\"Ploff\"},\"image\":{\"@id\":\"https:\/\/ploff.net\/#\/schema\/logo\/image\/\"},\"sameAs\":[\"https:\/\/www.facebook.com\/ploffnet\/\",\"https:\/\/www.youtube.com\/user\/Ploffnet\"]}]}<\/script>\n<!-- \/ Yoast SEO plugin. -->","yoast_head_json":{"title":"About Us - Ploff.net","robots":{"index":"index","follow":"follow","max-snippet":"max-snippet:-1","max-image-preview":"max-image-preview:large","max-video-preview":"max-video-preview:-1"},"canonical":"https:\/\/ploff.net\/nosotros\/","og_locale":"en_US","og_type":"article","og_title":"About Us - Ploff.net","og_url":"https:\/\/ploff.net\/nosotros\/","og_site_name":"Ploff.net","article_publisher":"https:\/\/www.facebook.com\/ploffnet\/","article_modified_time":"2020-09-01T13:10:47+00:00","twitter_card":"summary_large_image","schema":{"@context":"https:\/\/schema.org","@graph":[{"@type":"WebPage","@id":"https:\/\/ploff.net\/nosotros\/","url":"https:\/\/ploff.net\/nosotros\/","name":"About Us - Ploff.net","isPartOf":{"@id":"https:\/\/ploff.net\/#website"},"datePublished":"2017-03-22T16:54:21+00:00","dateModified":"2020-09-01T13:10:47+00:00","breadcrumb":{"@id":"https:\/\/ploff.net\/nosotros\/#breadcrumb"},"inLanguage":"en-US","potentialAction":[{"@type":"ReadAction","target":["https:\/\/ploff.net\/nosotros\/"]}]},{"@type":"BreadcrumbList","@id":"https:\/\/ploff.net\/nosotros\/#breadcrumb","itemListElement":[{"@type":"ListItem","position":1,"name":"Portada","item":"https:\/\/ploff.net\/"},{"@type":"ListItem","position":2,"name":"Nosotros"}]},{"@type":"WebSite","@id":"https:\/\/ploff.net\/#website","url":"https:\/\/ploff.net\/","name":"Ploff.net - Amor, Paz, Unidad y Amistad","description":"Love, Peace, Unity, Friendship.","publisher":{"@id":"https:\/\/ploff.net\/#organization"},"potentialAction":[{"@type":"SearchAction","target":{"@type":"EntryPoint","urlTemplate":"https:\/\/ploff.net\/?s={search_term_string}"},"query-input":{"@type":"PropertyValueSpecification","valueRequired":true,"valueName":"search_term_string"}}],"inLanguage":"en-US"},{"@type":"Organization","@id":"https:\/\/ploff.net\/#organization","name":"Ploff","url":"https:\/\/ploff.net\/","logo":{"@type":"ImageObject","inLanguage":"en-US","@id":"https:\/\/ploff.net\/#\/schema\/logo\/image\/","url":"https:\/\/ploff.net\/wp-content\/uploads\/2020\/04\/ploff-logo.jpg","contentUrl":"https:\/\/ploff.net\/wp-content\/uploads\/2020\/04\/ploff-logo.jpg","width":180,"height":180,"caption":"Ploff"},"image":{"@id":"https:\/\/ploff.net\/#\/schema\/logo\/image\/"},"sameAs":["https:\/\/www.facebook.com\/ploffnet\/","https:\/\/www.youtube.com\/user\/Ploffnet"]}]}},"_links":{"self":[{"href":"https:\/\/ploff.net\/en\/wp-json\/wp\/v2\/pages\/4002","targetHints":{"allow":["GET"]}}],"collection":[{"href":"https:\/\/ploff.net\/en\/wp-json\/wp\/v2\/pages"}],"about":[{"href":"https:\/\/ploff.net\/en\/wp-json\/wp\/v2\/types\/page"}],"author":[{"embeddable":true,"href":"https:\/\/ploff.net\/en\/wp-json\/wp\/v2\/users\/3"}],"replies":[{"embeddable":true,"href":"https:\/\/ploff.net\/en\/wp-json\/wp\/v2\/comments?post=4002"}],"version-history":[{"count":12,"href":"https:\/\/ploff.net\/en\/wp-json\/wp\/v2\/pages\/4002\/revisions"}],"predecessor-version":[{"id":4289,"href":"https:\/\/ploff.net\/en\/wp-json\/wp\/v2\/pages\/4002\/revisions\/4289"}],"wp:attachment":[{"href":"https:\/\/ploff.net\/en\/wp-json\/wp\/v2\/media?parent=4002"}],"curies":[{"name":"wp","href":"https:\/\/api.w.org\/{rel}","templated":true}]}}