{"id":4011,"date":"2017-03-22T14:06:47","date_gmt":"2017-03-22T17:06:47","guid":{"rendered":"https:\/\/ploff.net\/?page_id=4011"},"modified":"2017-04-05T10:19:33","modified_gmt":"2017-04-05T13:19:33","slug":"concientizacion-ploff","status":"publish","type":"page","link":"https:\/\/ploff.net\/en\/concientizacion-ploff\/","title":{"rendered":"(Espa\u00f1ol) Concientizaci\u00f3n Ploff"},"content":{"rendered":"<p class=\"qtranxs-available-languages-message qtranxs-available-languages-message-en\">Sorry, this entry is only available in <a href=\"https:\/\/ploff.net\/es\/wp-json\/wp\/v2\/pages\/4011\" class=\"qtranxs-available-language-link qtranxs-available-language-link-es\" title=\"Espa\u00f1ol\">Espa\u00f1ol<\/a>. For the sake of viewer convenience, the content is shown below in the alternative language. You may click the link to switch the active language.<\/p>\n<p><strong><img loading=\"lazy\" decoding=\"async\" class=\"size-full wp-image-4014 alignleft\" src=\"https:\/\/ploff.net\/wp-content\/uploads\/2017\/03\/Cover_Concientizacion-Ploff_Espaniol_Alex.jpg\" alt=\"\" width=\"364\" height=\"464\" srcset=\"https:\/\/ploff.net\/wp-content\/uploads\/2017\/03\/Cover_Concientizacion-Ploff_Espaniol_Alex.jpg 364w, https:\/\/ploff.net\/wp-content\/uploads\/2017\/03\/Cover_Concientizacion-Ploff_Espaniol_Alex-235x300.jpg 235w, https:\/\/ploff.net\/wp-content\/uploads\/2017\/03\/Cover_Concientizacion-Ploff_Espaniol_Alex-41x52.jpg 41w\" sizes=\"auto, (max-width: 364px) 100vw, 364px\" \/>\u201cConcientizaci\u00f3n Ploff\u201d <\/strong>es un libro corto escrito por Brian Longstaff que cuenta cosas que te pueden llegar a interesar como ser humano. El mismo se encuentra disponible para descargar de manera gratuita aqui en formato PDF. Contiene 34 paginas y cuenta con 10 capitulos.<\/p>\n<p><em>\u201c\u2026Vivimos en una \u00e9poca donde las evidencias de un mundo mejor est\u00e1n m\u00e1s y m\u00e1s al alcance de todos, pero pareciera que nadie tiene tiempo de unir los cabos sueltos. No hay tiempo para entablar charlas esot\u00e9ricas, no hay tiempo de buscar puntos en com\u00fan\u2026\u201d<\/em><\/p>\n<p><strong><a title=\"Concientizac\u00f3n Ploff Espa\u00f1ol\" href=\"https:\/\/ploff.net\/wp-content\/uploads\/2017\/04\/CONCIENTIZACION-PLOFF.pdf\" target=\"_blank\">DESCARGAR AQUI<\/a><\/strong>\u00a0(Espa\u00f1ol)<\/p>\n<p><strong><a title=\"Ploff Awarness English\" href=\"https:\/\/ploff.net\/wp-content\/uploads\/2017\/04\/PLOFF-AWARENESS.pdf\" target=\"_blank\">DOWNLOAD HERE<\/a>\u00a0(<\/strong>English)<\/p>\n","protected":false},"excerpt":{"rendered":"<p>Sorry, this entry is only available in Espa\u00f1ol. For the sake of viewer convenience, the content is shown below in the alternative language. You may click the link to switch the active language. \u201cConcientizaci\u00f3n Ploff\u201d es un libro corto escrito por Brian Longstaff que cuenta cosas que te pueden llegar a interesar como ser humano. [&hellip;]<\/p>\n","protected":false},"author":3,"featured_media":0,"parent":0,"menu_order":0,"comment_status":"closed","ping_status":"closed","template":"","meta":{"_monsterinsights_skip_tracking":false,"_monsterinsights_sitenote_active":false,"_monsterinsights_sitenote_note":"","_monsterinsights_sitenote_category":0,"footnotes":""},"class_list":["post-4011","page","type-page","status-publish","hentry"],"yoast_head":"<!-- This site is optimized with the Yoast SEO plugin v24.3 - https:\/\/yoast.com\/wordpress\/plugins\/seo\/ -->\n<title>(Espa\u00f1ol) Concientizaci\u00f3n Ploff - Ploff.net<\/title>\n<meta name=\"robots\" content=\"index, follow, max-snippet:-1, max-image-preview:large, max-video-preview:-1\" \/>\n<link rel=\"canonical\" href=\"https:\/\/ploff.net\/concientizacion-ploff\/\" \/>\n<meta property=\"og:locale\" content=\"en_US\" \/>\n<meta property=\"og:type\" content=\"article\" \/>\n<meta property=\"og:title\" content=\"(Espa\u00f1ol) Concientizaci\u00f3n Ploff - Ploff.net\" \/>\n<meta property=\"og:description\" content=\"Sorry, this entry is only available in Espa\u00f1ol. For the sake of viewer convenience, the content is shown below in the alternative language. You may click the link to switch the active language. \u201cConcientizaci\u00f3n Ploff\u201d es un libro corto escrito por Brian Longstaff que cuenta cosas que te pueden llegar a interesar como ser humano. [&hellip;]\" \/>\n<meta property=\"og:url\" content=\"https:\/\/ploff.net\/concientizacion-ploff\/\" \/>\n<meta property=\"og:site_name\" content=\"Ploff.net\" \/>\n<meta property=\"article:publisher\" content=\"https:\/\/www.facebook.com\/ploffnet\/\" \/>\n<meta property=\"article:modified_time\" content=\"2017-04-05T13:19:33+00:00\" \/>\n<meta property=\"og:image\" content=\"https:\/\/ploff.net\/wp-content\/uploads\/2017\/03\/Cover_Concientizacion-Ploff_Espaniol_Alex.jpg\" \/>\n<meta name=\"twitter:card\" content=\"summary_large_image\" \/>\n<meta name=\"twitter:label1\" content=\"Est. reading time\" \/>\n\t<meta name=\"twitter:data1\" content=\"1 minute\" \/>\n<script type=\"application\/ld+json\" class=\"yoast-schema-graph\">{\"@context\":\"https:\/\/schema.org\",\"@graph\":[{\"@type\":\"WebPage\",\"@id\":\"https:\/\/ploff.net\/concientizacion-ploff\/\",\"url\":\"https:\/\/ploff.net\/concientizacion-ploff\/\",\"name\":\"(Espa\u00f1ol) Concientizaci\u00f3n Ploff - Ploff.net\",\"isPartOf\":{\"@id\":\"https:\/\/ploff.net\/#website\"},\"primaryImageOfPage\":{\"@id\":\"https:\/\/ploff.net\/concientizacion-ploff\/#primaryimage\"},\"image\":{\"@id\":\"https:\/\/ploff.net\/concientizacion-ploff\/#primaryimage\"},\"thumbnailUrl\":\"https:\/\/ploff.net\/wp-content\/uploads\/2017\/03\/Cover_Concientizacion-Ploff_Espaniol_Alex.jpg\",\"datePublished\":\"2017-03-22T17:06:47+00:00\",\"dateModified\":\"2017-04-05T13:19:33+00:00\",\"breadcrumb\":{\"@id\":\"https:\/\/ploff.net\/concientizacion-ploff\/#breadcrumb\"},\"inLanguage\":\"en-US\",\"potentialAction\":[{\"@type\":\"ReadAction\",\"target\":[\"https:\/\/ploff.net\/concientizacion-ploff\/\"]}]},{\"@type\":\"ImageObject\",\"inLanguage\":\"en-US\",\"@id\":\"https:\/\/ploff.net\/concientizacion-ploff\/#primaryimage\",\"url\":\"https:\/\/ploff.net\/wp-content\/uploads\/2017\/03\/Cover_Concientizacion-Ploff_Espaniol_Alex.jpg\",\"contentUrl\":\"https:\/\/ploff.net\/wp-content\/uploads\/2017\/03\/Cover_Concientizacion-Ploff_Espaniol_Alex.jpg\"},{\"@type\":\"BreadcrumbList\",\"@id\":\"https:\/\/ploff.net\/concientizacion-ploff\/#breadcrumb\",\"itemListElement\":[{\"@type\":\"ListItem\",\"position\":1,\"name\":\"Portada\",\"item\":\"https:\/\/ploff.net\/\"},{\"@type\":\"ListItem\",\"position\":2,\"name\":\"Concientizaci\u00f3n Ploff\"}]},{\"@type\":\"WebSite\",\"@id\":\"https:\/\/ploff.net\/#website\",\"url\":\"https:\/\/ploff.net\/\",\"name\":\"Ploff.net - Amor, Paz, Unidad y Amistad\",\"description\":\"Love, Peace, Unity, Friendship.\",\"publisher\":{\"@id\":\"https:\/\/ploff.net\/#organization\"},\"potentialAction\":[{\"@type\":\"SearchAction\",\"target\":{\"@type\":\"EntryPoint\",\"urlTemplate\":\"https:\/\/ploff.net\/?s={search_term_string}\"},\"query-input\":{\"@type\":\"PropertyValueSpecification\",\"valueRequired\":true,\"valueName\":\"search_term_string\"}}],\"inLanguage\":\"en-US\"},{\"@type\":\"Organization\",\"@id\":\"https:\/\/ploff.net\/#organization\",\"name\":\"Ploff\",\"url\":\"https:\/\/ploff.net\/\",\"logo\":{\"@type\":\"ImageObject\",\"inLanguage\":\"en-US\",\"@id\":\"https:\/\/ploff.net\/#\/schema\/logo\/image\/\",\"url\":\"https:\/\/ploff.net\/wp-content\/uploads\/2020\/04\/ploff-logo.jpg\",\"contentUrl\":\"https:\/\/ploff.net\/wp-content\/uploads\/2020\/04\/ploff-logo.jpg\",\"width\":180,\"height\":180,\"caption\":\"Ploff\"},\"image\":{\"@id\":\"https:\/\/ploff.net\/#\/schema\/logo\/image\/\"},\"sameAs\":[\"https:\/\/www.facebook.com\/ploffnet\/\",\"https:\/\/www.youtube.com\/user\/Ploffnet\"]}]}<\/script>\n<!-- \/ Yoast SEO plugin. -->","yoast_head_json":{"title":"(Espa\u00f1ol) Concientizaci\u00f3n Ploff - Ploff.net","robots":{"index":"index","follow":"follow","max-snippet":"max-snippet:-1","max-image-preview":"max-image-preview:large","max-video-preview":"max-video-preview:-1"},"canonical":"https:\/\/ploff.net\/concientizacion-ploff\/","og_locale":"en_US","og_type":"article","og_title":"(Espa\u00f1ol) Concientizaci\u00f3n Ploff - Ploff.net","og_description":"Sorry, this entry is only available in Espa\u00f1ol. For the sake of viewer convenience, the content is shown below in the alternative language. You may click the link to switch the active language. \u201cConcientizaci\u00f3n Ploff\u201d es un libro corto escrito por Brian Longstaff que cuenta cosas que te pueden llegar a interesar como ser humano. [&hellip;]","og_url":"https:\/\/ploff.net\/concientizacion-ploff\/","og_site_name":"Ploff.net","article_publisher":"https:\/\/www.facebook.com\/ploffnet\/","article_modified_time":"2017-04-05T13:19:33+00:00","og_image":[{"url":"https:\/\/ploff.net\/wp-content\/uploads\/2017\/03\/Cover_Concientizacion-Ploff_Espaniol_Alex.jpg","type":"","width":"","height":""}],"twitter_card":"summary_large_image","twitter_misc":{"Est. reading time":"1 minute"},"schema":{"@context":"https:\/\/schema.org","@graph":[{"@type":"WebPage","@id":"https:\/\/ploff.net\/concientizacion-ploff\/","url":"https:\/\/ploff.net\/concientizacion-ploff\/","name":"(Espa\u00f1ol) Concientizaci\u00f3n Ploff - Ploff.net","isPartOf":{"@id":"https:\/\/ploff.net\/#website"},"primaryImageOfPage":{"@id":"https:\/\/ploff.net\/concientizacion-ploff\/#primaryimage"},"image":{"@id":"https:\/\/ploff.net\/concientizacion-ploff\/#primaryimage"},"thumbnailUrl":"https:\/\/ploff.net\/wp-content\/uploads\/2017\/03\/Cover_Concientizacion-Ploff_Espaniol_Alex.jpg","datePublished":"2017-03-22T17:06:47+00:00","dateModified":"2017-04-05T13:19:33+00:00","breadcrumb":{"@id":"https:\/\/ploff.net\/concientizacion-ploff\/#breadcrumb"},"inLanguage":"en-US","potentialAction":[{"@type":"ReadAction","target":["https:\/\/ploff.net\/concientizacion-ploff\/"]}]},{"@type":"ImageObject","inLanguage":"en-US","@id":"https:\/\/ploff.net\/concientizacion-ploff\/#primaryimage","url":"https:\/\/ploff.net\/wp-content\/uploads\/2017\/03\/Cover_Concientizacion-Ploff_Espaniol_Alex.jpg","contentUrl":"https:\/\/ploff.net\/wp-content\/uploads\/2017\/03\/Cover_Concientizacion-Ploff_Espaniol_Alex.jpg"},{"@type":"BreadcrumbList","@id":"https:\/\/ploff.net\/concientizacion-ploff\/#breadcrumb","itemListElement":[{"@type":"ListItem","position":1,"name":"Portada","item":"https:\/\/ploff.net\/"},{"@type":"ListItem","position":2,"name":"Concientizaci\u00f3n Ploff"}]},{"@type":"WebSite","@id":"https:\/\/ploff.net\/#website","url":"https:\/\/ploff.net\/","name":"Ploff.net - Amor, Paz, Unidad y Amistad","description":"Love, Peace, Unity, Friendship.","publisher":{"@id":"https:\/\/ploff.net\/#organization"},"potentialAction":[{"@type":"SearchAction","target":{"@type":"EntryPoint","urlTemplate":"https:\/\/ploff.net\/?s={search_term_string}"},"query-input":{"@type":"PropertyValueSpecification","valueRequired":true,"valueName":"search_term_string"}}],"inLanguage":"en-US"},{"@type":"Organization","@id":"https:\/\/ploff.net\/#organization","name":"Ploff","url":"https:\/\/ploff.net\/","logo":{"@type":"ImageObject","inLanguage":"en-US","@id":"https:\/\/ploff.net\/#\/schema\/logo\/image\/","url":"https:\/\/ploff.net\/wp-content\/uploads\/2020\/04\/ploff-logo.jpg","contentUrl":"https:\/\/ploff.net\/wp-content\/uploads\/2020\/04\/ploff-logo.jpg","width":180,"height":180,"caption":"Ploff"},"image":{"@id":"https:\/\/ploff.net\/#\/schema\/logo\/image\/"},"sameAs":["https:\/\/www.facebook.com\/ploffnet\/","https:\/\/www.youtube.com\/user\/Ploffnet"]}]}},"_links":{"self":[{"href":"https:\/\/ploff.net\/en\/wp-json\/wp\/v2\/pages\/4011","targetHints":{"allow":["GET"]}}],"collection":[{"href":"https:\/\/ploff.net\/en\/wp-json\/wp\/v2\/pages"}],"about":[{"href":"https:\/\/ploff.net\/en\/wp-json\/wp\/v2\/types\/page"}],"author":[{"embeddable":true,"href":"https:\/\/ploff.net\/en\/wp-json\/wp\/v2\/users\/3"}],"replies":[{"embeddable":true,"href":"https:\/\/ploff.net\/en\/wp-json\/wp\/v2\/comments?post=4011"}],"version-history":[{"count":5,"href":"https:\/\/ploff.net\/en\/wp-json\/wp\/v2\/pages\/4011\/revisions"}],"predecessor-version":[{"id":4035,"href":"https:\/\/ploff.net\/en\/wp-json\/wp\/v2\/pages\/4011\/revisions\/4035"}],"wp:attachment":[{"href":"https:\/\/ploff.net\/en\/wp-json\/wp\/v2\/media?parent=4011"}],"curies":[{"name":"wp","href":"https:\/\/api.w.org\/{rel}","templated":true}]}}