{"id":4037,"date":"2017-04-05T10:39:23","date_gmt":"2017-04-05T13:39:23","guid":{"rendered":"https:\/\/ploff.net\/?page_id=4037"},"modified":"2024-09-05T10:06:47","modified_gmt":"2024-09-05T13:06:47","slug":"que-es-ploff","status":"publish","type":"page","link":"https:\/\/ploff.net\/en\/que-es-ploff\/","title":{"rendered":"What is Ploff?"},"content":{"rendered":"<p class=\"qtranxs-available-languages-message qtranxs-available-languages-message-en\">Sorry, this entry is only available in <a href=\"https:\/\/ploff.net\/es\/wp-json\/wp\/v2\/pages\/4037\" class=\"qtranxs-available-language-link qtranxs-available-language-link-es\" title=\"Espa\u00f1ol\">Espa\u00f1ol<\/a>. For the sake of viewer convenience, the content is shown below in the alternative language. You may click the link to switch the active language.<\/p>\n<p><strong><u>VISI\u00d3N:<\/u><\/strong><\/p>\n<p>&nbsp;<\/p>\n<p><strong>Cambiar el Mundo<\/strong>\u2026 No, eso es demasiado ut\u00f3pico; lo verdaderamente alcanzable ser\u00eda <em>contribuir<\/em> a cambiar el mundo; hacer un aporte a la liberaci\u00f3n del pensamiento, a la liberaci\u00f3n del Ser, a trav\u00e9s de la lectura de l\u00edneas escritas como si estuvieran habladas. Noam Chomsky lo expresa mejor cuando dice que si asumimos que no hay esperanza, estamos garantizando que no la hay, pero que si asumimos que hay un instinto por la libertad, que hay oportunidades de cambiar las cosas, entonces hay una posibilidad de que podamos contribuir a hacer un mundo mejor.<\/p>\n<p>&nbsp;<\/p>\n<p>Ploff es un sitio para compartir informacion, transmitir articulos y posibles soluciones a la realidad que creo el ser humano. Funciona como punto de conexi\u00f3n para la concientizaci\u00f3n social, d\u00e1ndole una perspectiva objetiva y apol\u00edtica a la problem\u00e1tica econ\u00f3mica, social y ambiental de nuestro Planeta.<\/p>\n<p>&nbsp;<\/p>\n<p><img loading=\"lazy\" decoding=\"async\" class=\"aligncenter size-full wp-image-4057\" src=\"https:\/\/ploff.net\/wp-content\/uploads\/2017\/04\/PLOFF-VISION.jpg\" alt=\"\" width=\"1280\" height=\"720\" srcset=\"https:\/\/ploff.net\/wp-content\/uploads\/2017\/04\/PLOFF-VISION.jpg 1280w, https:\/\/ploff.net\/wp-content\/uploads\/2017\/04\/PLOFF-VISION-300x169.jpg 300w, https:\/\/ploff.net\/wp-content\/uploads\/2017\/04\/PLOFF-VISION-768x432.jpg 768w, https:\/\/ploff.net\/wp-content\/uploads\/2017\/04\/PLOFF-VISION-1024x576.jpg 1024w, https:\/\/ploff.net\/wp-content\/uploads\/2017\/04\/PLOFF-VISION-67x38.jpg 67w\" sizes=\"auto, (max-width: 1280px) 100vw, 1280px\" \/><\/p>\n<p>&nbsp;<\/p>\n<p><strong><u>OBJETIVOS:<\/u><\/strong><\/p>\n<p>&nbsp;<\/p>\n<p><u>Compartir y comunicar<\/u> informaci\u00f3n, ideas, hechos y pasiones, de una forma no aburrida, mezclando enumeraciones ca\u00f3ticas, poemas, ensayos e ideas de otros autores.<\/p>\n<p>&nbsp;<\/p>\n<p><u>Fomentar las buenas decisiones<\/u> en el d\u00eda a d\u00eda para restablecer la buena vibra entre nosotros y nuestro planeta.<\/p>\n<p>&nbsp;<\/p>\n<p><u>Atar cabos<\/u> entre cuestiones generalmente presentadas como inconexas. Los problemas inherentes al medio ambiente y el existencialismo humano integran todas las \u00e1reas que uno est\u00e9 dispuesto a investigar: legislaci\u00f3n, econom\u00eda, pol\u00edtica, ecolog\u00eda, sociolog\u00eda, antropolog\u00eda, artes; la lista sigue\u2026 Las coyunturas humanas suelen presentarse de manera aislada, y el ciudadano o ciudadana que llega cansado de laburar todo el d\u00eda y prende la tele para informarse no tiene la energ\u00eda ni el tiempo de atar cabos entre los sucesos que se presentan bajo titulares diferenciados. Lo cierto es, que si uno empieza a indagar y atar cabos, se comienza a agobiar, abrumar, inundar de verdades que indignan. La realidad le parece imposible de cambiar, y se resigna al presente cotidiano que tiene, sin cuestionar absolutamente nada (ni a s\u00ed mismo).<\/p>\n<p>&nbsp;<\/p>\n<p><em><u>\u201cBajar\u201d<\/u><\/em><u> la espiritualidad humana<\/u> a algo m\u00e1s tangible, cotidiano, pr\u00e1ctico, simple, vinculado a la conexi\u00f3n con la Naturaleza. Reformulando una de las materias de la escuela ficcional de Aldous Huxley, crear una Filosof\u00eda Ambiental Aplicada\u2026 \u00bfa qu\u00e9?, pues a la vida.<\/p>\n<p>&nbsp;<\/p>\n<p><u>Generar un efecto multiplicador motivacional<\/u> a trav\u00e9s de la lectura de las palabras correctas en el momento correcto. Las palabras, tienen poder. Seg\u00fan los Toltecas, en sus cuatro acuerdos, se debe ser impecable con la palabra. Aqu\u00ed encontraran palabras tejidas en oraciones con pasi\u00f3n, pero siempre fundamentadas, que buscan impactar all\u00e1 en la zona de confort de las grandes masas, en las zonas m\u00e1s dormidas, c\u00f3modas y entumecidas de nuestras vidas. Si esas palabras llevan a la acci\u00f3n de la lectora o del lector, o al impulso de nuevos pensamientos y replanteos que l@ lleven a debatir de estos temas con terceros, entonces se produce el efecto multiplicador.<\/p>\n<p>&nbsp;<\/p>\n<p><u>Decirte \u201cGracias\u201d<\/u>, por haber le\u00eddo hasta ac\u00e1.<\/p>\n<div><\/div>\n<div><\/div>\n<div id=\"id_519a5153160ea0766552023\"><\/div>\n<div id=\"gtx-trans\" style=\"position: absolute; left: 5px; top: 38px;\">\n<div class=\"gtx-trans-icon\"><\/div>\n<\/div>\n","protected":false},"excerpt":{"rendered":"<p>Sorry, this entry is only available in Espa\u00f1ol. For the sake of viewer convenience, the content is shown below in the alternative language. You may click the link to switch the active language. VISI\u00d3N: &nbsp; Cambiar el Mundo\u2026 No, eso es demasiado ut\u00f3pico; lo verdaderamente alcanzable ser\u00eda contribuir a cambiar el mundo; hacer un aporte [&hellip;]<\/p>\n","protected":false},"author":3,"featured_media":0,"parent":0,"menu_order":0,"comment_status":"closed","ping_status":"closed","template":"","meta":{"_monsterinsights_skip_tracking":false,"_monsterinsights_sitenote_active":false,"_monsterinsights_sitenote_note":"","_monsterinsights_sitenote_category":0,"footnotes":""},"class_list":["post-4037","page","type-page","status-publish","hentry"],"yoast_head":"<!-- This site is optimized with the Yoast SEO plugin v24.3 - https:\/\/yoast.com\/wordpress\/plugins\/seo\/ -->\n<title>What is Ploff? - Ploff.net<\/title>\n<meta name=\"robots\" content=\"index, follow, max-snippet:-1, max-image-preview:large, max-video-preview:-1\" \/>\n<link rel=\"canonical\" href=\"https:\/\/ploff.net\/que-es-ploff\/\" \/>\n<meta property=\"og:locale\" content=\"en_US\" \/>\n<meta property=\"og:type\" content=\"article\" \/>\n<meta property=\"og:title\" content=\"What is Ploff? - Ploff.net\" \/>\n<meta property=\"og:description\" content=\"Sorry, this entry is only available in Espa\u00f1ol. For the sake of viewer convenience, the content is shown below in the alternative language. You may click the link to switch the active language. VISI\u00d3N: &nbsp; Cambiar el Mundo\u2026 No, eso es demasiado ut\u00f3pico; lo verdaderamente alcanzable ser\u00eda contribuir a cambiar el mundo; hacer un aporte [&hellip;]\" \/>\n<meta property=\"og:url\" content=\"https:\/\/ploff.net\/que-es-ploff\/\" \/>\n<meta property=\"og:site_name\" content=\"Ploff.net\" \/>\n<meta property=\"article:publisher\" content=\"https:\/\/www.facebook.com\/ploffnet\/\" \/>\n<meta property=\"article:modified_time\" content=\"2024-09-05T13:06:47+00:00\" \/>\n<meta property=\"og:image\" content=\"https:\/\/ploff.net\/wp-content\/uploads\/2017\/04\/PLOFF-VISION.jpg\" \/>\n<meta name=\"twitter:card\" content=\"summary_large_image\" \/>\n<meta name=\"twitter:label1\" content=\"Est. reading time\" \/>\n\t<meta name=\"twitter:data1\" content=\"3 minutes\" \/>\n<script type=\"application\/ld+json\" class=\"yoast-schema-graph\">{\"@context\":\"https:\/\/schema.org\",\"@graph\":[{\"@type\":\"WebPage\",\"@id\":\"https:\/\/ploff.net\/que-es-ploff\/\",\"url\":\"https:\/\/ploff.net\/que-es-ploff\/\",\"name\":\"What is Ploff? - Ploff.net\",\"isPartOf\":{\"@id\":\"https:\/\/ploff.net\/#website\"},\"primaryImageOfPage\":{\"@id\":\"https:\/\/ploff.net\/que-es-ploff\/#primaryimage\"},\"image\":{\"@id\":\"https:\/\/ploff.net\/que-es-ploff\/#primaryimage\"},\"thumbnailUrl\":\"https:\/\/ploff.net\/wp-content\/uploads\/2017\/04\/PLOFF-VISION.jpg\",\"datePublished\":\"2017-04-05T13:39:23+00:00\",\"dateModified\":\"2024-09-05T13:06:47+00:00\",\"breadcrumb\":{\"@id\":\"https:\/\/ploff.net\/que-es-ploff\/#breadcrumb\"},\"inLanguage\":\"en-US\",\"potentialAction\":[{\"@type\":\"ReadAction\",\"target\":[\"https:\/\/ploff.net\/que-es-ploff\/\"]}]},{\"@type\":\"ImageObject\",\"inLanguage\":\"en-US\",\"@id\":\"https:\/\/ploff.net\/que-es-ploff\/#primaryimage\",\"url\":\"https:\/\/ploff.net\/wp-content\/uploads\/2017\/04\/PLOFF-VISION.jpg\",\"contentUrl\":\"https:\/\/ploff.net\/wp-content\/uploads\/2017\/04\/PLOFF-VISION.jpg\"},{\"@type\":\"BreadcrumbList\",\"@id\":\"https:\/\/ploff.net\/que-es-ploff\/#breadcrumb\",\"itemListElement\":[{\"@type\":\"ListItem\",\"position\":1,\"name\":\"Portada\",\"item\":\"https:\/\/ploff.net\/\"},{\"@type\":\"ListItem\",\"position\":2,\"name\":\"Qu\u00e9 es Ploff\"}]},{\"@type\":\"WebSite\",\"@id\":\"https:\/\/ploff.net\/#website\",\"url\":\"https:\/\/ploff.net\/\",\"name\":\"Ploff.net - Amor, Paz, Unidad y Amistad\",\"description\":\"Love, Peace, Unity, Friendship.\",\"publisher\":{\"@id\":\"https:\/\/ploff.net\/#organization\"},\"potentialAction\":[{\"@type\":\"SearchAction\",\"target\":{\"@type\":\"EntryPoint\",\"urlTemplate\":\"https:\/\/ploff.net\/?s={search_term_string}\"},\"query-input\":{\"@type\":\"PropertyValueSpecification\",\"valueRequired\":true,\"valueName\":\"search_term_string\"}}],\"inLanguage\":\"en-US\"},{\"@type\":\"Organization\",\"@id\":\"https:\/\/ploff.net\/#organization\",\"name\":\"Ploff\",\"url\":\"https:\/\/ploff.net\/\",\"logo\":{\"@type\":\"ImageObject\",\"inLanguage\":\"en-US\",\"@id\":\"https:\/\/ploff.net\/#\/schema\/logo\/image\/\",\"url\":\"https:\/\/ploff.net\/wp-content\/uploads\/2020\/04\/ploff-logo.jpg\",\"contentUrl\":\"https:\/\/ploff.net\/wp-content\/uploads\/2020\/04\/ploff-logo.jpg\",\"width\":180,\"height\":180,\"caption\":\"Ploff\"},\"image\":{\"@id\":\"https:\/\/ploff.net\/#\/schema\/logo\/image\/\"},\"sameAs\":[\"https:\/\/www.facebook.com\/ploffnet\/\",\"https:\/\/www.youtube.com\/user\/Ploffnet\"]}]}<\/script>\n<!-- \/ Yoast SEO plugin. -->","yoast_head_json":{"title":"What is Ploff? - Ploff.net","robots":{"index":"index","follow":"follow","max-snippet":"max-snippet:-1","max-image-preview":"max-image-preview:large","max-video-preview":"max-video-preview:-1"},"canonical":"https:\/\/ploff.net\/que-es-ploff\/","og_locale":"en_US","og_type":"article","og_title":"What is Ploff? - Ploff.net","og_description":"Sorry, this entry is only available in Espa\u00f1ol. For the sake of viewer convenience, the content is shown below in the alternative language. You may click the link to switch the active language. VISI\u00d3N: &nbsp; Cambiar el Mundo\u2026 No, eso es demasiado ut\u00f3pico; lo verdaderamente alcanzable ser\u00eda contribuir a cambiar el mundo; hacer un aporte [&hellip;]","og_url":"https:\/\/ploff.net\/que-es-ploff\/","og_site_name":"Ploff.net","article_publisher":"https:\/\/www.facebook.com\/ploffnet\/","article_modified_time":"2024-09-05T13:06:47+00:00","og_image":[{"url":"https:\/\/ploff.net\/wp-content\/uploads\/2017\/04\/PLOFF-VISION.jpg","type":"","width":"","height":""}],"twitter_card":"summary_large_image","twitter_misc":{"Est. reading time":"3 minutes"},"schema":{"@context":"https:\/\/schema.org","@graph":[{"@type":"WebPage","@id":"https:\/\/ploff.net\/que-es-ploff\/","url":"https:\/\/ploff.net\/que-es-ploff\/","name":"What is Ploff? - Ploff.net","isPartOf":{"@id":"https:\/\/ploff.net\/#website"},"primaryImageOfPage":{"@id":"https:\/\/ploff.net\/que-es-ploff\/#primaryimage"},"image":{"@id":"https:\/\/ploff.net\/que-es-ploff\/#primaryimage"},"thumbnailUrl":"https:\/\/ploff.net\/wp-content\/uploads\/2017\/04\/PLOFF-VISION.jpg","datePublished":"2017-04-05T13:39:23+00:00","dateModified":"2024-09-05T13:06:47+00:00","breadcrumb":{"@id":"https:\/\/ploff.net\/que-es-ploff\/#breadcrumb"},"inLanguage":"en-US","potentialAction":[{"@type":"ReadAction","target":["https:\/\/ploff.net\/que-es-ploff\/"]}]},{"@type":"ImageObject","inLanguage":"en-US","@id":"https:\/\/ploff.net\/que-es-ploff\/#primaryimage","url":"https:\/\/ploff.net\/wp-content\/uploads\/2017\/04\/PLOFF-VISION.jpg","contentUrl":"https:\/\/ploff.net\/wp-content\/uploads\/2017\/04\/PLOFF-VISION.jpg"},{"@type":"BreadcrumbList","@id":"https:\/\/ploff.net\/que-es-ploff\/#breadcrumb","itemListElement":[{"@type":"ListItem","position":1,"name":"Portada","item":"https:\/\/ploff.net\/"},{"@type":"ListItem","position":2,"name":"Qu\u00e9 es Ploff"}]},{"@type":"WebSite","@id":"https:\/\/ploff.net\/#website","url":"https:\/\/ploff.net\/","name":"Ploff.net - Amor, Paz, Unidad y Amistad","description":"Love, Peace, Unity, Friendship.","publisher":{"@id":"https:\/\/ploff.net\/#organization"},"potentialAction":[{"@type":"SearchAction","target":{"@type":"EntryPoint","urlTemplate":"https:\/\/ploff.net\/?s={search_term_string}"},"query-input":{"@type":"PropertyValueSpecification","valueRequired":true,"valueName":"search_term_string"}}],"inLanguage":"en-US"},{"@type":"Organization","@id":"https:\/\/ploff.net\/#organization","name":"Ploff","url":"https:\/\/ploff.net\/","logo":{"@type":"ImageObject","inLanguage":"en-US","@id":"https:\/\/ploff.net\/#\/schema\/logo\/image\/","url":"https:\/\/ploff.net\/wp-content\/uploads\/2020\/04\/ploff-logo.jpg","contentUrl":"https:\/\/ploff.net\/wp-content\/uploads\/2020\/04\/ploff-logo.jpg","width":180,"height":180,"caption":"Ploff"},"image":{"@id":"https:\/\/ploff.net\/#\/schema\/logo\/image\/"},"sameAs":["https:\/\/www.facebook.com\/ploffnet\/","https:\/\/www.youtube.com\/user\/Ploffnet"]}]}},"_links":{"self":[{"href":"https:\/\/ploff.net\/en\/wp-json\/wp\/v2\/pages\/4037","targetHints":{"allow":["GET"]}}],"collection":[{"href":"https:\/\/ploff.net\/en\/wp-json\/wp\/v2\/pages"}],"about":[{"href":"https:\/\/ploff.net\/en\/wp-json\/wp\/v2\/types\/page"}],"author":[{"embeddable":true,"href":"https:\/\/ploff.net\/en\/wp-json\/wp\/v2\/users\/3"}],"replies":[{"embeddable":true,"href":"https:\/\/ploff.net\/en\/wp-json\/wp\/v2\/comments?post=4037"}],"version-history":[{"count":12,"href":"https:\/\/ploff.net\/en\/wp-json\/wp\/v2\/pages\/4037\/revisions"}],"predecessor-version":[{"id":4695,"href":"https:\/\/ploff.net\/en\/wp-json\/wp\/v2\/pages\/4037\/revisions\/4695"}],"wp:attachment":[{"href":"https:\/\/ploff.net\/en\/wp-json\/wp\/v2\/media?parent=4037"}],"curies":[{"name":"wp","href":"https:\/\/api.w.org\/{rel}","templated":true}]}}