{"id":4232,"date":"2020-04-19T20:07:28","date_gmt":"2020-04-19T23:07:28","guid":{"rendered":"https:\/\/ploff.net\/?page_id=4232"},"modified":"2020-04-19T20:07:58","modified_gmt":"2020-04-19T23:07:58","slug":"terminos-y-condiciones","status":"publish","type":"page","link":"https:\/\/ploff.net\/en\/terminos-y-condiciones\/","title":{"rendered":"(Espa\u00f1ol) Terminos y condiciones"},"content":{"rendered":"<p class=\"qtranxs-available-languages-message qtranxs-available-languages-message-en\">Sorry, this entry is only available in <a href=\"https:\/\/ploff.net\/es\/wp-json\/wp\/v2\/pages\/4232\" class=\"qtranxs-available-language-link qtranxs-available-language-link-es\" title=\"Espa\u00f1ol\">Espa\u00f1ol<\/a>. For the sake of viewer convenience, the content is shown below in the alternative language. You may click the link to switch the active language.<\/p>\n<p>Ploff, en cumplimiento de normativa nacional e internacional, le informa las pol\u00edticas y t\u00e9rminos de uso de la presente p\u00e1gina web.<\/p>\n<p>Ploff, es propietario de la marca Ploff\u00ae, nombre de dominio y de la p\u00e1gina en Internet a las que se accede a trav\u00e9s de dicho dominio: https:\/\/ploff.net<\/p>\n<p>Ploff se reserva la facultad de decidir sobre la divulgaci\u00f3n o publicaci\u00f3n de los Contenidos Generados.<\/p>\n<p>La veracidad de los datos proporcionados son de exclusiva responsabilidad de quien las provee, en este caso el usuario, en cumplimiento de la normativa nacional e internacional<\/p>\n<p><strong>OBJETO Y CONDICIONES DE USO.<\/strong><\/p>\n<p>Ploff se dedica a la investigaci\u00f3n, recopilaci\u00f3n, redacci\u00f3n y publicaci\u00f3n de material informativo y de inter\u00e9s relacionados con la tem\u00e1tica permacultura. Actividad que se encuentra destinada a ser compartida en la plataforma digital Ploff, mediante la que los usuarios pueden interactuar con los autores del material o usuarios entre s\u00ed, con la finalidad de compartir ideas y proyectos. Ploff realiza tambi\u00e9n el env\u00edo de promociones publicitarias y prospecci\u00f3n comercial para los usuarios, informaci\u00f3n que solo ser\u00e1 enviada despu\u00e9s de la autorizaci\u00f3n expresa correspondiente.<\/p>\n<p>Ploff, no se hace responsable por la veracidad de la publicidad o contenido que los auspiciantes incluyan en los anuncios que se encuentran en el portal. Esta informaci\u00f3n ser\u00e1 responsabilidad exclusiva del anunciante. Por tanto, BLOG Ploff no necesariamente respalda o sugiere el consumo de los productos o servicios cuya publicidad se encuentra en el portal, por lo que en caso de quejas o controversia deber\u00e1 realizarse directamente del patrocinador.<\/p>\n<p>El usuario deber\u00e1 respetar en todo momento los t\u00e9rminos y condiciones aqu\u00ed establecidos correspondientes a la utilizaci\u00f3n y navegaci\u00f3n del sitio web. De forma expresa el usuario manifiesta que utilizar\u00e1 el portal de forma diligente y asumiendo cualquier responsabilidad que pudiera derivarse del incumplimiento de las normas.<\/p>\n<p>As\u00ed mismo, el usuario no podr\u00e1 utilizar el portal para transmitir, almacenar, divulgar promover o distribuir datos o contenidos que sean portadores de virus o cualquier otro c\u00f3digo inform\u00e1tico, archivos o programas dise\u00f1ados para interrumpir, destruir o perjudicar el funcionamiento de cualquier programa o equipo inform\u00e1tico o de telecomunicaciones.<\/p>\n<p>De igual manera el usuario tampoco podr\u00e1 reproducir total ni parcialmente los contenidos del portal web, que est\u00e1n protegidos como derechos de autor de acuerdo con los acuerdos internacionales vigentes en la materia.<\/p>\n<p>Ploff no se hace responsable de la informaci\u00f3n contenida en otros enlaces o directorios a los que se acceda a trav\u00e9s de nuestra web. Si la actividad o la informaci\u00f3n que remiten otras empresas a trav\u00e9s de nuestra web son il\u00edcitas o lesiona bienes o derechos de un tercero p\u00f3ngalo en nuestro conocimiento a fin de suprimir o inutilizar de forma inmediata el enlace correspondiente.<\/p>\n<p>Ploff no se hace responsable del contenido publicado en la plataforma. La responsabilidad recaer\u00e1 exclusivamente por el autor y el editor del contenido publicado en el portal digital.<\/p>\n<p>La inclusi\u00f3n de enlaces en ploff.net, no implica necesariamente que quienes representan a dichos enlaces mantengan relaciones comerciales o v\u00ednculos asociativos con el titular de la p\u00e1gina web en la que se establezca el enlace.<\/p>\n<p>La presencia de enlaces en ploff.net tiene como \u00fanica finalidad el proveer de informaci\u00f3n \u00fatil o de inter\u00e9s para la tem\u00e1tica precitada, motivo por el cual, la propietaria del sitio web no se responsabiliza ni otorga garant\u00eda de ninguna naturaleza, respecto a la idoneidad o cualquier otro aspecto de las informaciones y\/o servicios profesionales.<\/p>\n<p><strong>PROPIEDAD INTELECTUAL<\/strong><\/p>\n<p>La informaci\u00f3n y contenido del portal web Ploff es para uso personal de los usuarios, los mismos que no podr\u00e1n reproducir total ni parcialmente la informaci\u00f3n o contenido sin autorizaci\u00f3n expresa y por escrito del BLOG Ploff. El contenido se encuentra protegido por las leyes nacionales, andinas y los convenios internacionales suscritos por el Ecuador en materia de Derechos de Autor.<\/p>\n<p>La informaci\u00f3n que concerniente a derechos de autor se regir\u00e1 bajo los tratados internacionales de la materia vigentes y a la normativa aplicable en raz\u00f3n del territorio.<\/p>\n<p>En virtud de los derechos de autor de propiedad de Ploff o terceras personas, se reserva el derecho a bloquear la descarga de im\u00e1genes desde direcciones IPs (Internet Protocol) externas a su propia infraestructura.<\/p>\n<p><strong>ESPACIOS Y HERRAMIENTAS DE PARTICIPACI\u00d3N<\/strong><\/p>\n<p>Normas de Participaci\u00f3n<\/p>\n<p>Ponemos en su conocimiento que los servicios que el portal brinda, no pueden atentar contra los siguientes principios: el orden p\u00fablico, la seguridad, la salud p\u00fablica y la defensa nacional; protecci\u00f3n de los consumidores, respeto a la dignidad de la persona y no discriminaci\u00f3n por motivos de raza, sexo, religi\u00f3n, opini\u00f3n, nacionalidad, discapacidad o cualquier otra circunstancia personal o social; protecci\u00f3n a la juventud y a la infancia.<\/p>\n<p>Por ello, Ploff se reserva el derecho de eliminar, por cualquier raz\u00f3n y sin previo aviso, cualquier informaci\u00f3n o contenido generado en los espacios de participaci\u00f3n que puedan ser considerados inconstitucionales, ilegales, prohibidos o simplemente inadecuados, que atenten contra los principios expresados anteriormente.<\/p>\n<p>Ploff defiende estos principios y en cumplimiento de la Ley est\u00e1 obligada a colaborar con los \u00f3rganos administrativos y judiciales competentes que ordenen que se interrumpa el servicio o que se retiren determinados mensajes, en consecuencia, suspender\u00e1 la prestaci\u00f3n de los servicios en cuanto tenga conocimiento efectivo de que la actividad o la informaci\u00f3n almacenada es il\u00edcita o lesiona bienes y derechos de terceros, no siendo responsable de la informaci\u00f3n emitida ni pudiendo exigirse responsabilidad de ning\u00fan tipo a Ploff por la suspensi\u00f3n e interrupci\u00f3n del servicio.<\/p>\n<p>Ponemos en su conocimiento que los datos que usted nos facilite los utilizaremos \u00fanicamente para efectuar sorteos, comunicaciones o promociones comerciales sobre los productos y servicios que puedan resultar de su inter\u00e9s, para lo cual el usuario debe prestar su consentimiento expreso mediante la plataforma del sitio web. Las comunicaciones ser\u00e1n realizadas por Ploff directamente sin perjuicio del derecho que usted tiene de revocar en cualquier momento el consentimiento prestado para la recepci\u00f3n de comunicaciones comerciales, mediante correo electr\u00f3nico a info@ploff.net.<\/p>\n<p><strong>CONTENIDOS GENERADOS POR EL USUARIO<\/strong><\/p>\n<p>En el caso de que el Usuario env\u00ede contenidos de cualquier tipo al Sitio Web, incluyendo, pero no limitado a fotograf\u00edas, im\u00e1genes con o sin movimiento, textos, informaciones, bases de datos, grabaciones sonoras o cualesquiera otras obras o prestaciones el mismo declara, garantiza y acepta que los distintos usos de esos contenidos en los t\u00e9rminos establecidos en las presentes Condiciones Generales no son susceptible de infringir ning\u00fan derecho de propiedad intelectual o industrial, deber de confidencialidad, secreto comercial o cualquier otro derecho de tercero.<\/p>\n<p>El Usuario asume la responsabilidad y garantiza mantener indemne a Ploff de cualquier tipo de da\u00f1o que se produzca como consecuencia del incumplimiento por parte del Usuario de las previsiones establecidas en los dos p\u00e1rrafos precedentes. Esta responsabilidad incluye, pero no se limita a, la exactitud, legalidad, originalidad y titularidad de los Contenidos Generados.<\/p>\n<p>El Usuario cede a t\u00edtulo gratuito a Ploff, sin car\u00e1cter de exclusiva, los derechos de Propiedad Intelectual y cualquier otro tipo de derecho sobre los Contenidos Generados, incluyendo, sin limitaci\u00f3n, los derechos de reproducci\u00f3n, distribuci\u00f3n, comunicaci\u00f3n p\u00fablica (incluida su modalidad de puesta a disposici\u00f3n) y transformaci\u00f3n para su explotaci\u00f3n por cualquier medio, soporte o formato y a trav\u00e9s de cualquier sistema, procedimiento o modalidad de transmisi\u00f3n, comunicaci\u00f3n o distribuci\u00f3n, ya sea gratuito o de pago, utilizando los Contenidos Generales solos o conjuntamente con otro. La cesi\u00f3n a favor de Ploff se realiza para todo el mundo, por todo el tiempo de duraci\u00f3n de los derechos y comprende la facultad de cesi\u00f3n a terceros.<\/p>\n<p>Ploff se reserva la facultad de decidir sobre la divulgaci\u00f3n o publicaci\u00f3n de los Contenidos Generados.<\/p>\n<p><strong>LIMITACI\u00d3N DE RESPONSABILIDAD<\/strong><\/p>\n<p>Este sitio web no ofrece garant\u00eda de ning\u00fan tipo, ni expresa ni impl\u00edcita, Ploff no garantiza que sus p\u00e1ginas web se encuentren en todo momento disponible. Asimismo no se hace responsable de los da\u00f1os y perjuicios directos o indirectos derivados del uso de este web site, incluidos los da\u00f1os a sistemas inform\u00e1ticos que pudieran ocasionarse al usuario o a terceros, ni garantiza la ausencia de virus u otros elementos lesivos.<\/p>\n<p>Ploff no se hace responsable, en ning\u00fan caso, de los da\u00f1os y perjuicios de cualquier naturaleza que pudieran ocasionar, a t\u00edtulo enunciativo: errores u omisiones en los contenidos, falta de disponibilidad del portal o la transmisi\u00f3n de virus o programas maliciosos o lesivos en los contenidos, a pesar de haber adoptado todas las medidas tecnol\u00f3gicas necesarias para evitarlo.<\/p>\n<p><strong>POL\u00cdTICA DE PROTECCI\u00d3N DE DATOS DE CAR\u00c1CTER PERSONAL<\/strong><\/p>\n<p>Ploff, tiene definida su pol\u00edtica de protecci\u00f3n de datos de conformidad con lo establecido en la Ley del Sistema Nacional de Registro de Datos P\u00fablicos, Ley Org\u00e1nica de Comunicaci\u00f3n, C\u00f3digo de Ingenios y sus respectivos reglamentos respecto a los datos que libre y voluntariamente usted facilite a trav\u00e9s de nuestra p\u00e1gina web.<\/p>\n<p>Ploff se sujeta a la legislaci\u00f3n existente en relaci\u00f3n a esta materia, en tal virtud, vela por garantizar un correcto uso y tratamiento de los datos personales del usuario. Para ello, solicita al usuario que ingrese datos muy b\u00e1sicos y simples para su identificaci\u00f3n, lo cual est\u00e1 en total discreci\u00f3n de quien los ingresa, tomando en cuenta la responsabilidad intr\u00ednseca a la divulgaci\u00f3n de informaci\u00f3n falsa.<\/p>\n<p><strong>MODIFICACIONES<\/strong><\/p>\n<p>Ploff se reserva el derecho de efectuar sin previo aviso las modificaciones que considere oportunas en su sitio web, pudiendo cambiar, suprimir o a\u00f1adir tanto los contenidos y servicios que se presten a trav\u00e9s de la misma como la forma en la que \u00e9stos aparezcan presentados o localizados en su portal.<\/p>\n<p><strong>JURISDICCI\u00d3N<\/strong><\/p>\n<p>Las relaciones establecidas entre Ploff y el Usuario se regir\u00e1n por lo dispuesto en la normativa vigente acerca de la legislaci\u00f3n aplicable y la jurisdicci\u00f3n competente. No obstante, para los casos en los que la normativa prevea la posibilidad a las partes de someterse a un fuero, Ploff y el Usuario, con renuncia expresa a cualquier otro fuero que pudiera corresponderles y se someten a los jueces \u00e1rbitros del Centro de Mediaci\u00f3n de la C\u00e1mara de Comercio de Argentina en los t\u00e9rminos de la Ley de Arbitraje Comercial de Ecuador, sin perjuicio de que se tomen las medidas y se ejercite las acciones o recursos previstos en las normas de Propiedad Industrial o Intelectual vigentes en Ecuador o en cualquier otro pa\u00eds de que se trate.<\/p>\n<p>Las presentes condiciones generales de uso del portal regulan el acceso y la utilizaci\u00f3n del sitio web, incluyendo los contenidos y los servicios puestos a disposici\u00f3n de los usuarios, por lo que sugerimos que una vez que lea atentamente los t\u00e9rminos y condiciones y si se encuentra de acuerdo de un click en el bot\u00f3n que a continuaci\u00f3n se despliega las lea atentamente por cuanto el hecho de acceder y usar estas p\u00e1ginas implica su aceptaci\u00f3n t\u00e1cita.<\/p>\n<div id=\"gtx-trans\" style=\"position: absolute; left: -18px; top: 2224px;\">\n<div class=\"gtx-trans-icon\"><\/div>\n<\/div>\n","protected":false},"excerpt":{"rendered":"<p>Sorry, this entry is only available in Espa\u00f1ol. For the sake of viewer convenience, the content is shown below in the alternative language. You may click the link to switch the active language. Ploff, en cumplimiento de normativa nacional e internacional, le informa las pol\u00edticas y t\u00e9rminos de uso de la presente p\u00e1gina web. Ploff, [&hellip;]<\/p>\n","protected":false},"author":3,"featured_media":0,"parent":0,"menu_order":0,"comment_status":"closed","ping_status":"closed","template":"","meta":{"_monsterinsights_skip_tracking":false,"_monsterinsights_sitenote_active":false,"_monsterinsights_sitenote_note":"","_monsterinsights_sitenote_category":0,"footnotes":""},"class_list":["post-4232","page","type-page","status-publish","hentry"],"yoast_head":"<!-- This site is optimized with the Yoast SEO plugin v24.3 - https:\/\/yoast.com\/wordpress\/plugins\/seo\/ -->\n<title>(Espa\u00f1ol) Terminos y condiciones - Ploff.net<\/title>\n<meta name=\"robots\" content=\"index, follow, max-snippet:-1, max-image-preview:large, max-video-preview:-1\" \/>\n<link rel=\"canonical\" href=\"https:\/\/ploff.net\/terminos-y-condiciones\/\" \/>\n<meta property=\"og:locale\" content=\"en_US\" \/>\n<meta property=\"og:type\" content=\"article\" \/>\n<meta property=\"og:title\" content=\"(Espa\u00f1ol) Terminos y condiciones - Ploff.net\" \/>\n<meta property=\"og:description\" content=\"Sorry, this entry is only available in Espa\u00f1ol. For the sake of viewer convenience, the content is shown below in the alternative language. You may click the link to switch the active language. Ploff, en cumplimiento de normativa nacional e internacional, le informa las pol\u00edticas y t\u00e9rminos de uso de la presente p\u00e1gina web. Ploff, [&hellip;]\" \/>\n<meta property=\"og:url\" content=\"https:\/\/ploff.net\/terminos-y-condiciones\/\" \/>\n<meta property=\"og:site_name\" content=\"Ploff.net\" \/>\n<meta property=\"article:publisher\" content=\"https:\/\/www.facebook.com\/ploffnet\/\" \/>\n<meta property=\"article:modified_time\" content=\"2020-04-19T23:07:58+00:00\" \/>\n<meta name=\"twitter:card\" content=\"summary_large_image\" \/>\n<meta name=\"twitter:label1\" content=\"Est. reading time\" \/>\n\t<meta name=\"twitter:data1\" content=\"10 minutes\" \/>\n<script type=\"application\/ld+json\" class=\"yoast-schema-graph\">{\"@context\":\"https:\/\/schema.org\",\"@graph\":[{\"@type\":\"WebPage\",\"@id\":\"https:\/\/ploff.net\/terminos-y-condiciones\/\",\"url\":\"https:\/\/ploff.net\/terminos-y-condiciones\/\",\"name\":\"(Espa\u00f1ol) Terminos y condiciones - Ploff.net\",\"isPartOf\":{\"@id\":\"https:\/\/ploff.net\/#website\"},\"datePublished\":\"2020-04-19T23:07:28+00:00\",\"dateModified\":\"2020-04-19T23:07:58+00:00\",\"breadcrumb\":{\"@id\":\"https:\/\/ploff.net\/terminos-y-condiciones\/#breadcrumb\"},\"inLanguage\":\"en-US\",\"potentialAction\":[{\"@type\":\"ReadAction\",\"target\":[\"https:\/\/ploff.net\/terminos-y-condiciones\/\"]}]},{\"@type\":\"BreadcrumbList\",\"@id\":\"https:\/\/ploff.net\/terminos-y-condiciones\/#breadcrumb\",\"itemListElement\":[{\"@type\":\"ListItem\",\"position\":1,\"name\":\"Portada\",\"item\":\"https:\/\/ploff.net\/\"},{\"@type\":\"ListItem\",\"position\":2,\"name\":\"Terminos y condiciones\"}]},{\"@type\":\"WebSite\",\"@id\":\"https:\/\/ploff.net\/#website\",\"url\":\"https:\/\/ploff.net\/\",\"name\":\"Ploff.net - Amor, Paz, Unidad y Amistad\",\"description\":\"Love, Peace, Unity, Friendship.\",\"publisher\":{\"@id\":\"https:\/\/ploff.net\/#organization\"},\"potentialAction\":[{\"@type\":\"SearchAction\",\"target\":{\"@type\":\"EntryPoint\",\"urlTemplate\":\"https:\/\/ploff.net\/?s={search_term_string}\"},\"query-input\":{\"@type\":\"PropertyValueSpecification\",\"valueRequired\":true,\"valueName\":\"search_term_string\"}}],\"inLanguage\":\"en-US\"},{\"@type\":\"Organization\",\"@id\":\"https:\/\/ploff.net\/#organization\",\"name\":\"Ploff\",\"url\":\"https:\/\/ploff.net\/\",\"logo\":{\"@type\":\"ImageObject\",\"inLanguage\":\"en-US\",\"@id\":\"https:\/\/ploff.net\/#\/schema\/logo\/image\/\",\"url\":\"https:\/\/ploff.net\/wp-content\/uploads\/2020\/04\/ploff-logo.jpg\",\"contentUrl\":\"https:\/\/ploff.net\/wp-content\/uploads\/2020\/04\/ploff-logo.jpg\",\"width\":180,\"height\":180,\"caption\":\"Ploff\"},\"image\":{\"@id\":\"https:\/\/ploff.net\/#\/schema\/logo\/image\/\"},\"sameAs\":[\"https:\/\/www.facebook.com\/ploffnet\/\",\"https:\/\/www.youtube.com\/user\/Ploffnet\"]}]}<\/script>\n<!-- \/ Yoast SEO plugin. -->","yoast_head_json":{"title":"(Espa\u00f1ol) Terminos y condiciones - Ploff.net","robots":{"index":"index","follow":"follow","max-snippet":"max-snippet:-1","max-image-preview":"max-image-preview:large","max-video-preview":"max-video-preview:-1"},"canonical":"https:\/\/ploff.net\/terminos-y-condiciones\/","og_locale":"en_US","og_type":"article","og_title":"(Espa\u00f1ol) Terminos y condiciones - Ploff.net","og_description":"Sorry, this entry is only available in Espa\u00f1ol. For the sake of viewer convenience, the content is shown below in the alternative language. You may click the link to switch the active language. Ploff, en cumplimiento de normativa nacional e internacional, le informa las pol\u00edticas y t\u00e9rminos de uso de la presente p\u00e1gina web. Ploff, [&hellip;]","og_url":"https:\/\/ploff.net\/terminos-y-condiciones\/","og_site_name":"Ploff.net","article_publisher":"https:\/\/www.facebook.com\/ploffnet\/","article_modified_time":"2020-04-19T23:07:58+00:00","twitter_card":"summary_large_image","twitter_misc":{"Est. reading time":"10 minutes"},"schema":{"@context":"https:\/\/schema.org","@graph":[{"@type":"WebPage","@id":"https:\/\/ploff.net\/terminos-y-condiciones\/","url":"https:\/\/ploff.net\/terminos-y-condiciones\/","name":"(Espa\u00f1ol) Terminos y condiciones - Ploff.net","isPartOf":{"@id":"https:\/\/ploff.net\/#website"},"datePublished":"2020-04-19T23:07:28+00:00","dateModified":"2020-04-19T23:07:58+00:00","breadcrumb":{"@id":"https:\/\/ploff.net\/terminos-y-condiciones\/#breadcrumb"},"inLanguage":"en-US","potentialAction":[{"@type":"ReadAction","target":["https:\/\/ploff.net\/terminos-y-condiciones\/"]}]},{"@type":"BreadcrumbList","@id":"https:\/\/ploff.net\/terminos-y-condiciones\/#breadcrumb","itemListElement":[{"@type":"ListItem","position":1,"name":"Portada","item":"https:\/\/ploff.net\/"},{"@type":"ListItem","position":2,"name":"Terminos y condiciones"}]},{"@type":"WebSite","@id":"https:\/\/ploff.net\/#website","url":"https:\/\/ploff.net\/","name":"Ploff.net - Amor, Paz, Unidad y Amistad","description":"Love, Peace, Unity, Friendship.","publisher":{"@id":"https:\/\/ploff.net\/#organization"},"potentialAction":[{"@type":"SearchAction","target":{"@type":"EntryPoint","urlTemplate":"https:\/\/ploff.net\/?s={search_term_string}"},"query-input":{"@type":"PropertyValueSpecification","valueRequired":true,"valueName":"search_term_string"}}],"inLanguage":"en-US"},{"@type":"Organization","@id":"https:\/\/ploff.net\/#organization","name":"Ploff","url":"https:\/\/ploff.net\/","logo":{"@type":"ImageObject","inLanguage":"en-US","@id":"https:\/\/ploff.net\/#\/schema\/logo\/image\/","url":"https:\/\/ploff.net\/wp-content\/uploads\/2020\/04\/ploff-logo.jpg","contentUrl":"https:\/\/ploff.net\/wp-content\/uploads\/2020\/04\/ploff-logo.jpg","width":180,"height":180,"caption":"Ploff"},"image":{"@id":"https:\/\/ploff.net\/#\/schema\/logo\/image\/"},"sameAs":["https:\/\/www.facebook.com\/ploffnet\/","https:\/\/www.youtube.com\/user\/Ploffnet"]}]}},"_links":{"self":[{"href":"https:\/\/ploff.net\/en\/wp-json\/wp\/v2\/pages\/4232","targetHints":{"allow":["GET"]}}],"collection":[{"href":"https:\/\/ploff.net\/en\/wp-json\/wp\/v2\/pages"}],"about":[{"href":"https:\/\/ploff.net\/en\/wp-json\/wp\/v2\/types\/page"}],"author":[{"embeddable":true,"href":"https:\/\/ploff.net\/en\/wp-json\/wp\/v2\/users\/3"}],"replies":[{"embeddable":true,"href":"https:\/\/ploff.net\/en\/wp-json\/wp\/v2\/comments?post=4232"}],"version-history":[{"count":2,"href":"https:\/\/ploff.net\/en\/wp-json\/wp\/v2\/pages\/4232\/revisions"}],"predecessor-version":[{"id":4234,"href":"https:\/\/ploff.net\/en\/wp-json\/wp\/v2\/pages\/4232\/revisions\/4234"}],"wp:attachment":[{"href":"https:\/\/ploff.net\/en\/wp-json\/wp\/v2\/media?parent=4232"}],"curies":[{"name":"wp","href":"https:\/\/api.w.org\/{rel}","templated":true}]}}